{"id":176,"date":"2023-10-12T21:58:53","date_gmt":"2023-10-12T19:58:53","guid":{"rendered":"http:\/\/www.maurersinperu.com\/?page_id=176"},"modified":"2026-03-10T01:52:51","modified_gmt":"2026-03-10T00:52:51","slug":"donar","status":"publish","type":"page","link":"https:\/\/www.maurersinperu.com\/es\/spenden\/","title":{"rendered":"Donaciones"},"content":{"rendered":"<section class=\"bde-section-176-108 bde-section\">\n  \n  \n\t\n\n\n\n<div class=\"section-container\"><h1 class=\"bde-heading-176-101 bde-heading\">\nDonaciones\n<\/h1><div class=\"bde-columns-176-109 bde-columns\"><div class=\"bde-column-176-110 bde-column\">\n  \n  \n\t\n\n\n\n<div class=\"bde-rich-text-176-106 bde-rich-text breakdance-rich-text-styles\">\n<h3>Donaci\u00f3n \u00fanica directamente a trav\u00e9s de TWINT<\/h3>\n<\/div><div class=\"bde-image-176-107 bde-image\">\n<figure class=\"breakdance-image breakdance-image--70\">\n\t<div class=\"breakdance-image-container\">\n\t\t<div class=\"breakdance-image-clip\"><img loading=\"lazy\" decoding=\"async\" class=\"breakdance-image-object\" src=\"https:\/\/www.maurersinperu.com\/wp-content\/uploads\/2023\/10\/twint-1.jpg\" width=\"271\" height=\"269\" srcset=\"https:\/\/www.maurersinperu.com\/wp-content\/uploads\/2023\/10\/twint-1.jpg 271w, https:\/\/www.maurersinperu.com\/wp-content\/uploads\/2023\/10\/twint-1-150x150.jpg 150w\" sizes=\"auto, (max-width: 271px) 100vw, 271px\"><\/div>\n\t<\/div><\/figure>\n\n<\/div>\n<\/div><div class=\"bde-column-176-112 bde-column\">\n  \n  \n\t\n\n\n\n<div class=\"bde-rich-text-176-104 bde-rich-text breakdance-rich-text-styles\">\n<h3><span dir=\"auto\" style=\"vertical-align: inherit;\"><span dir=\"auto\" style=\"vertical-align: inherit;\">Si desea apoyarnos regularmente con una orden permanente...<\/span><\/span><\/h3>\n<p>\u00a0<\/p>\n<p><a href=\"\/es\/contacto\/\" target=\"_self\"><strong><span dir=\"auto\" style=\"vertical-align: inherit;\"><span dir=\"auto\" style=\"vertical-align: inherit;\">Cont\u00e1ctenos aqu\u00ed<\/span><\/span><\/strong><\/a><\/p>\n<p>\u00a0<\/p>\n<p><span dir=\"auto\" style=\"vertical-align: inherit;\"><span dir=\"auto\" style=\"vertical-align: inherit;\">No recibimos salario ni alojamiento por nuestro trabajo en el hospital Diospi Suyana.<\/span><\/span><\/p>\n<p><span dir=\"auto\" style=\"vertical-align: inherit;\"><span dir=\"auto\" style=\"vertical-align: inherit;\">Todos los empleados internacionales del hospital trabajan de forma gratuita.<\/span><\/span><\/p>\n<p><span dir=\"auto\" style=\"vertical-align: inherit;\"><span dir=\"auto\" style=\"vertical-align: inherit;\">Solo as\u00ed los quechuas pueden recibir tratamiento m\u00e9dico por relativamente poco dinero.<\/span><\/span><\/p>\n<p><span dir=\"auto\" style=\"vertical-align: inherit;\"><span dir=\"auto\" style=\"vertical-align: inherit;\">De estos gastos se nos paga una cantidad mensual con la que cubrimos nuestros gastos de manutenci\u00f3n.<\/span><\/span><\/p>\n<p><span dir=\"auto\" style=\"vertical-align: inherit;\"><span dir=\"auto\" style=\"vertical-align: inherit;\">y pagar el alojamiento en Per\u00fa.<\/span><\/span><\/p>\n<p><span dir=\"auto\" style=\"vertical-align: inherit;\"><span dir=\"auto\" style=\"vertical-align: inherit;\">Adem\u00e1s, una parte se destina a la previsi\u00f3n para la vejez en Suiza y una \u00faltima contribuci\u00f3n se destina a<\/span><\/span><\/p>\n<p><span dir=\"auto\" style=\"vertical-align: inherit;\"><span dir=\"auto\" style=\"vertical-align: inherit;\">La sociedad misionera SIM, en la que trabajamos.<\/span><\/span><\/p>\n<p><span dir=\"auto\" style=\"vertical-align: inherit;\"><span dir=\"auto\" style=\"vertical-align: inherit;\">Si quieres apoyarnos de manera regular, la mejor forma de hacerlo es mediante una orden permanente.<\/span><\/span><\/p>\n<p><span dir=\"auto\" style=\"vertical-align: inherit;\"><span dir=\"auto\" style=\"vertical-align: inherit;\">Reg\u00edstrese con sus datos de contacto y recibir\u00e1 por correo postal un formulario de pago para el<\/span><\/span><\/p>\n<p><span dir=\"auto\" style=\"vertical-align: inherit;\"><span dir=\"auto\" style=\"vertical-align: inherit;\">Orden permanente.<\/span><\/span><\/p>\n<p><span dir=\"auto\" style=\"vertical-align: inherit;\"><span dir=\"auto\" style=\"vertical-align: inherit;\">Tambi\u00e9n es posible realizar pagos \u00fanicos a trav\u00e9s de TWINT.<\/span><\/span><\/p>\n<p><span dir=\"auto\" style=\"vertical-align: inherit;\"><span dir=\"auto\" style=\"vertical-align: inherit;\">Todos los gastos son deducibles de impuestos.<\/span><\/span><\/p>\n<p><strong><span dir=\"auto\" style=\"vertical-align: inherit;\"><span dir=\"auto\" style=\"vertical-align: inherit;\">Muchas gracias por tu apoyo, ya que solo as\u00ed podremos llevar a cabo nuestro proyecto.<\/span><\/span><\/strong><\/p>\n<\/div>\n<\/div><\/div><\/div>\n<\/section>","protected":false},"excerpt":{"rendered":"<p>Spenden Einmalige Spende direkt per TWINT Wenn Sie uns regelm\u00e4\u00dfig mit einem Dauerauftrag unterst\u00fctzen m\u00f6chten&#8230; \u00a0 Kontaktieren Sie uns hier \u00a0 F\u00fcr unsere Arbeit am Spital Diospi Suyana erhalten wir keinen Lohn und keine Unterkunft. Alle internationalen Mitarbeiter am Spital arbeiten unentgeltlich. Nur so k\u00f6nnen die Quechuas f\u00fcr vergleichsweise wenig Geld medizinisch behandelt wer Von [&hellip;]<\/p>\n","protected":false},"author":1,"featured_media":0,"parent":0,"menu_order":0,"comment_status":"closed","ping_status":"closed","template":"","meta":{"_acf_changed":false,"_breakdance_hide_in_design_set":false,"_breakdance_tags":"","iawp_total_views":287,"footnotes":""},"class_list":["post-176","page","type-page","status-publish","hentry"],"acf":[],"_links":{"self":[{"href":"https:\/\/www.maurersinperu.com\/es\/wp-json\/wp\/v2\/pages\/176","targetHints":{"allow":["GET"]}}],"collection":[{"href":"https:\/\/www.maurersinperu.com\/es\/wp-json\/wp\/v2\/pages"}],"about":[{"href":"https:\/\/www.maurersinperu.com\/es\/wp-json\/wp\/v2\/types\/page"}],"author":[{"embeddable":true,"href":"https:\/\/www.maurersinperu.com\/es\/wp-json\/wp\/v2\/users\/1"}],"replies":[{"embeddable":true,"href":"https:\/\/www.maurersinperu.com\/es\/wp-json\/wp\/v2\/comments?post=176"}],"version-history":[{"count":6,"href":"https:\/\/www.maurersinperu.com\/es\/wp-json\/wp\/v2\/pages\/176\/revisions"}],"predecessor-version":[{"id":1147,"href":"https:\/\/www.maurersinperu.com\/es\/wp-json\/wp\/v2\/pages\/176\/revisions\/1147"}],"wp:attachment":[{"href":"https:\/\/www.maurersinperu.com\/es\/wp-json\/wp\/v2\/media?parent=176"}],"curies":[{"name":"wp","href":"https:\/\/api.w.org\/{rel}","templated":true}]}}