{"id":119,"date":"2023-10-12T18:34:52","date_gmt":"2023-10-12T18:34:52","guid":{"rendered":"http:\/\/www.maurersinperu.com\/?page_id=119"},"modified":"2023-11-05T21:25:36","modified_gmt":"2023-11-05T20:25:36","slug":"hospital-diospi-suyana","status":"publish","type":"page","link":"https:\/\/www.maurersinperu.com\/es\/spital-diospi-suyana\/","title":{"rendered":"Hospital Diospi Suyana"},"content":{"rendered":"<section class=\"bde-section-119-100 bde-section\">\n  \n  \n\t\n\n\n\n<div class=\"section-container\"><div class=\"bde-columns-119-101 bde-columns\"><div class=\"bde-column-119-109 bde-column\">\n  \n  \n\t\n\n\n\n<div class=\"bde-image-box-119-110 bde-image-box bde-image-box-content-padding-only\">\n<div class=\"ee-imagebox-image\">\n  <img loading=\"lazy\" decoding=\"async\" class=\"breakdance-image-object\" src=\"https:\/\/www.maurersinperu.com\/wp-content\/uploads\/2023\/10\/Hospital-Diospi-Suyana-2020-slider-1120px-1.jpg\" width=\"1120\" height=\"411\" srcset=\"https:\/\/www.maurersinperu.com\/wp-content\/uploads\/2023\/10\/Hospital-Diospi-Suyana-2020-slider-1120px-1.jpg 1120w, https:\/\/www.maurersinperu.com\/wp-content\/uploads\/2023\/10\/Hospital-Diospi-Suyana-2020-slider-1120px-1-300x110.jpg 300w, https:\/\/www.maurersinperu.com\/wp-content\/uploads\/2023\/10\/Hospital-Diospi-Suyana-2020-slider-1120px-1-1024x376.jpg 1024w, https:\/\/www.maurersinperu.com\/wp-content\/uploads\/2023\/10\/Hospital-Diospi-Suyana-2020-slider-1120px-1-768x282.jpg 768w\" sizes=\"auto, (max-width: 1120px) 100vw, 1120px\">\n<\/div>\n<div class=\"ee-imagebox-content\">\n    \n      <div class=\"ee-imagebox-text\" >El hospital Diospi Suyana<br><br>M\u00e1s del 30 % de los quechuas de Apur\u00edmac son analfabetos. En los estudios PISA, Per\u00fa siempre ha ocupado los \u00faltimos lugares en la comparaci\u00f3n internacional. La educaci\u00f3n escolar de los ni\u00f1os ind\u00edgenas es especialmente deficiente. Esto les impide tener la oportunidad de un futuro mejor.<br><br>Ya en su juventud, el Dr. Klaus-Dieter John y la Dra. Martina John ten\u00edan el deseo de aliviar, como m\u00e9dicos, el sufrimiento humano del llamado Tercer Mundo. Su carrera como cirujano lo llev\u00f3, entre otros lugares, a las universidades de Harvard, Yale, Johannesburgo y Berl\u00edn. <br><br>Para hacer frente a la miseria de los ind\u00edgenas del Per\u00fa, en agosto de 2002 fundaron, junto con otras personas con ideas afines, la asociaci\u00f3n caritativa Diospi Suyana. Esta expresi\u00f3n proviene del idioma quechua y significa: \u201eConfiamos en Dios\u201c.\u201c <br><br>Desde 2004, los Johns han presentado Diospi Suyana en m\u00e1s de 3,000 conferencias en 24 pa\u00edses de los cinco continentes. Hablan en iglesias, clubes ben\u00e9ficos, universidades, instituciones educativas y congresos. El 13 de octubre de 2013, el Dr. John pronunci\u00f3 el discurso inaugural del IV Congreso Mundial de Cirug\u00eda Infantil en Berl\u00edn. Al final de su presentaci\u00f3n, el m\u00e9dico misionero pronunci\u00f3 las siguientes palabras:<br><br>\u201cEsta noche se han reunido en este centro de convenciones hind\u00faes, musulmanes y cristianos, as\u00ed como agn\u00f3sticos y ateos. Siento un gran respeto por sus cosmovisiones y creencias. Pero si me preguntaran en privado c\u00f3mo explico el asombroso desarrollo de Diospi Suyana, les dir\u00eda: \u201cEstoy convencido de que fue Dios. \u00c9l lo hizo posible. Fue el poder de Jesucristo\u201d.<br><\/div>\n    \n  <\/div>\n\n<\/div>\n<\/div><\/div><\/div>\n<\/section><section class=\"bde-section-119-117 bde-section\">\n  \n  \n\t\n\n\n\n<div class=\"section-container\"><div class=\"bde-text-119-118 bde-text\">\nEl hospital est\u00e1 ubicado en la ciudad andina de Curahuasi, al sur de Per\u00fa, a 2650 m de altitud. Gracias a su proximidad al eje de comunicaci\u00f3n Cusco-Abancay-Lima, cuenta con una excelente ubicaci\u00f3n estrat\u00e9gica. En este centro de la desaparecida civilizaci\u00f3n inca viven 750 000 personas, en su mayor\u00eda ind\u00edgenas quechuas, en un radio de tres horas de viaje. Diospi Suyana quiere ofrecer asistencia m\u00e9dica integral a los ind\u00edgenas quechuas del sur de Per\u00fa. Para ello, la cl\u00ednica ha sido equipada con 55 camas, 4 quir\u00f3fanos, una unidad de cuidados intensivos, un laboratorio y un equipo de rayos X. El hospital da trabajo a unos 180 empleados peruanos. Los aproximadamente 40 empleados extranjeros reciben su salario a trav\u00e9s de c\u00edrculos de patrocinadores privados. La construcci\u00f3n comenz\u00f3 el 24 de mayo de 2005. M\u00e1s de 4500 personas asistieron a la inauguraci\u00f3n del hospital misionero el 31 de agosto de 2007, entre ellas la entonces primera dama de Per\u00fa, Pilar Nores de Garc\u00eda, y el secretario de Salud, Dr. Carlos Vallejos. Mientras tanto, se han construido una cl\u00ednica dental y una cl\u00ednica oftalmol\u00f3gica en el recinto del hospital.<br>En abril de 2012 inauguramos la casa infantil. Con su excelente equipamiento, sirve de base para el trabajo semanal de los clubes infantiles de Diospi Suyana.<br>La escuela Diospi Suyana ampl\u00eda el enfoque de la asociaci\u00f3n al aspecto de la educaci\u00f3n. La escuela se inaugur\u00f3 el 14 de marzo de 2014. La escuela y el jard\u00edn de ni\u00f1os ofrecen la posibilidad de atender a hasta 700 ni\u00f1os a largo plazo.<br>El 31 de agosto de 2016 comenz\u00f3 a funcionar el centro de medios Diospi Suyana. Actualmente llegamos al distrito de Curahuasi a trav\u00e9s de nuestro propio canal de televisi\u00f3n. A partir del verano de 2017, transmitiremos un programa de radio en las frecuencias FM en los estados de Apur\u00edmac, Madre de Dios, Cusco y Puno. Las transmisiones tambi\u00e9n estar\u00e1n disponibles en Internet.<br>\n<\/div><\/div>\n<\/section><section class=\"bde-section-119-111 bde-section\">\n  \n  \n\t\n\n\n\n<div class=\"section-container\"><div class=\"bde-text-119-112 bde-text\">\nM\u00e1s de 150 000 particulares y 230 empresas han apoyado hasta ahora los diferentes proyectos de Diospi Suyana con donaciones por valor de m\u00e1s de 38 millones de d\u00f3lares estadounidenses. Con este dinero, la asociaci\u00f3n construy\u00f3 el Hospital Diospi Suyana, una cl\u00ednica dental y oftalmol\u00f3gica, una casa infantil, el Colegio Diospi Suyana y un centro multimedia. En Lima, Diospi Suyana adquiri\u00f3 en 2015 una casa de hu\u00e9spedes que sirve como base de operaciones. A esto se suma la duplicaci\u00f3n del n\u00famero de camas gracias a una ampliaci\u00f3n en la primera planta y la construcci\u00f3n de un taller de ortopedia.<br>Con los fondos recaudados hasta diciembre de 2021, ya se ha atendido a 447 000 pacientes. La contribuci\u00f3n de los pacientes al presupuesto mensual es de aproximadamente 30 %. El hospital tiene una capacidad de 100 camas. Adem\u00e1s de la ambulancia con 16 consultorios m\u00e9dicos, cuenta con dos unidades de cuidados intensivos, un servicio de fisioterapia, un servicio de terapia ocupacional, un moderno laboratorio, seis quir\u00f3fanos y un servicio de rayos X con tomograf\u00eda computarizada. En 2010 inauguramos la cl\u00ednica dental y oftalmol\u00f3gica. En 2017 construimos un bungal\u00f3 para utilizarlo como taller de ortopedia.<br>La escuela Diospi Suyana cuenta con nueve edificios con 27 aulas, incluyendo salas especializadas para f\u00edsica, qu\u00edmica, biolog\u00eda, trabajos manuales, m\u00fasica e inform\u00e1tica. Una biblioteca, un comedor y un gimnasio completan la infraestructura. En uno de los edificios se encuentra el jard\u00edn de ni\u00f1os.<br>El centro multimedia cuenta con un estudio de televisi\u00f3n y dos estudios de radio. En total, Diospi Suyana ha adquirido ocho licencias de FM en los estados de Apur\u00edmac, Cusco, Madre de Dios y Puno. A largo plazo, se prev\u00e9 ampliar gradualmente la zona de emisi\u00f3n.<br>\n<\/div><\/div>\n<\/section><section class=\"bde-section-119-113 bde-section\">\n  \n  \n\t\n\n\n\n<div class=\"section-container\"><div class=\"bde-text-119-114 bde-text\">\nCon 220 empleados peruanos en las \u00e1reas de hospital, escuela y centro de medios, Diospi Suyana es uno de los empleadores m\u00e1s importantes del estado de Apur\u00edmac. El mantenimiento a largo plazo es financiado por una gran red internacional de patrocinadores, que en diciembre de 2021 contaba con 1139 miembros. Otra fuente de financiamiento es la Fundaci\u00f3n Diospi Suyana. El Estado peruano colabora mediante el reembolso del IVA pagado y un descuento en la factura de electricidad. Los c\u00edrculos de amigos de los misioneros, que no reciben salarios de Diospi Suyana, desempe\u00f1an un papel importante. Hasta mediados de 2021, m\u00e1s de 200 misioneros de larga duraci\u00f3n han trabajado en los diferentes campos de nuestra misi\u00f3n. Proced\u00edan de 14 pa\u00edses. La duraci\u00f3n habitual de una misi\u00f3n es de tres a\u00f1os.<br>Diospi Suyana est\u00e1 reconocida como instituci\u00f3n sin fines de lucro en Per\u00fa, Alemania y Estados Unidos. La situaci\u00f3n financiera se revisa peri\u00f3dicamente en estos tres pa\u00edses. Los bajos gastos administrativos, claramente inferiores al 10 %, se explican por el alto grado de voluntariado. En 2008, el peri\u00f3dico \u201cDie Welt\u201d elogi\u00f3 a Diospi Suyana como ejemplo de gesti\u00f3n responsable de los fondos donados. Nuestra obra misionera ha sido galardonada con el sello de donaciones de la Alianza Evang\u00e9lica Alemana. Esta distinci\u00f3n viene precedida de una investigaci\u00f3n detallada realizada por un auditor certificado por el Estado. (Fecha: 17\/7\/2021)<br>Los m\u00e9dicos misioneros John han dado a conocer la visi\u00f3n de Diospi Suyana a trav\u00e9s de m\u00e1s de 2900 conferencias en 24 pa\u00edses. Seg\u00fan la base de datos, se han publicado m\u00e1s de 550 reportajes sobre Diospi Suyana en televisi\u00f3n, radio y medios impresos de todo el mundo. El libro \u201cHe visto a Dios\u201d va ya por su und\u00e9cima edici\u00f3n. Est\u00e1 disponible en alem\u00e1n, espa\u00f1ol, ingl\u00e9s, portugu\u00e9s, rumano, holand\u00e9s y polaco. El libro \u201cDios nos ha visto\u201d ha alcanzado su quinta edici\u00f3n. En 2020 le sigui\u00f3 el tercer libro, titulado \u201dCaminar sobre las aguas\u00bb. En total, se han impreso hasta ahora m\u00e1s de 100 000 libros sobre Diospi Suyana. (A fecha de 31\/12\/2021)<br>\n<\/div><\/div>\n<\/section><section class=\"bde-section-119-115 bde-section\">\n  \n  \n\t\n\n\n\n<div class=\"section-container\"><div class=\"bde-text-119-116 bde-text\">\nEl hospital misionero abri\u00f3 sus puertas el 22 de octubre de 2007.<br>Desde ese d\u00eda, nuestros m\u00e9dicos y enfermeras han atendido a m\u00e1s de 427,000 pacientes. La buena reputaci\u00f3n del hospital, su excelente equipamiento con los dispositivos m\u00e1s modernos y sus precios accesibles han generado una gran demanda. La imagen habitual por las ma\u00f1anas son las largas filas en la entrada principal. Nuestros pacientes provienen de los 25 estados del Per\u00fa. A menudo, en una habitaci\u00f3n hay cuatro pacientes de cuatro departamentos diferentes.<br>Una mirada a la sala de espera llena muestra que la mayor\u00eda de nuestros visitantes son ind\u00edgenas necesitados. La mayor\u00eda de los peruanos han o\u00eddo hablar de Diospi Suyana a trav\u00e9s de 53 reportajes televisivos e innumerables art\u00edculos de prensa. Los medios de comunicaci\u00f3n del pa\u00eds llaman a Diospi Suyana \u201cel hospital de la fe\u201d. Esta denominaci\u00f3n es acertada por tres razones.<br>1. El Hospital Diospi Suyana es un moderno hospital de alta tecnolog\u00eda para los ind\u00edgenas quechuas de los Andes peruanos. Ofrece un nivel de calidad comparable al de la medicina occidental. Este \u201cmilagro\u201d fue posible gracias a una serie de coincidencias y respuestas a las oraciones. La historia recuerda a una novela de misterio que fascina tanto a cristianos como a no cristianos. Nosotros, como iniciadores, afirmamos incluso que Dios se hizo visible en el desarrollo de Diospi Suyana. As\u00ed se explica el t\u00edtulo del libro sobre nuestra obra de fe: \u201c\u00a1He visto a Dios! Diospi Suyana: el hospital de la esperanza\u201d. Muchos lectores devoran en una noche esta obra, que ya va por su und\u00e9cima edici\u00f3n, publicada por la editorial Brunnen en 2020.<br>.<br>2. Jesucristo sanaba a los enfermos y animaba a los pobres. Sus seguidores deb\u00edan seguir su ejemplo. Diospi Suyana se inscribe en esta tradici\u00f3n. Los fundadores de la Cruz Roja, el Ej\u00e9rcito de Salvaci\u00f3n, la Misi\u00f3n Cristiana para Ciegos, World Vision y otras muchas organizaciones eran y son cristianos convencidos. Nuestro compromiso con los m\u00e1s pobres de entre los pobres en Per\u00fa tiene que ver con nuestro seguimiento del Nazareno y no con meros motivos humanistas.<br>.<br>3. Aunque el Hospital Diospi Suyana practica la medicina convencional a diario, no creemos que la soluci\u00f3n definitiva al sufrimiento humano se encuentre en los medicamentos, las intervenciones para prolongar la vida y las operaciones complejas. Todos debemos morir tarde o temprano. La pregunta que se impone es qu\u00e9 sucede despu\u00e9s de la muerte. Jesucristo prometi\u00f3 a todos los que creen en \u00e9l una vida eterna en la presencia de Dios. Los colaboradores de Diospi Suyana est\u00e1n convencidos de la validez de esta promesa. Por eso, cada d\u00eda de la semana comienza con un devocional matutino que se centra en esta esperanza.<br><br><br>\n<\/div><\/div>\n<\/section><section class=\"bde-section-119-124 bde-section\">\n  \n  \n\t\n\n\n\n<div class=\"section-container\"><div class=\"bde-text-119-125 bde-text\">\nLas siguientes \u00e1reas de servicio est\u00e1n actualmente en funcionamiento (a fecha de febrero de 2023)<br>\u2022 Cirug\u00eda general \/ Dr. Lukas Steffen<br>\u2022 Medicina general \/Dr. Oliver Schmidt, Dra. Karla Aguilar, Dra. Lincy Herrera<br>\u2022 Anestesia \/ Dra. Natascha Lopata<br>\u2022 Farmacia \/ Leonie Hilliges<br>\u2022 Oftalmolog\u00eda \/ Dra. Ursula Buck (oftalm\u00f3loga), se busca: m\u00e1s oftalm\u00f3logos y odont\u00f3logos.<br>\u2022 Laboratorio de electrocardiogramas \/ John Lentink<br>\u2022 Endoscopia \/ Dr. Klaus-Dieter John, Dra. Karla Aguilar<br>\u2022 Terapia ocupacional \/ vacante<br>\u2022 Obstetricia \/ vacante<br>\u2022 Cirug\u00eda vascular \/ Dr. Thomas Tielmann<br>\u2022 Ginecolog\u00eda \/ Se busca: ginec\u00f3logo\/a<br>\u2022 Pediatr\u00eda \/ Dra. Martina John, Dr. Simon Then, Dr. Oliver O\u2019Neill<br>\u2022 Medicina de laboratorio \/ <br>\u2022 Logopedia \/ vacante<br>\u2022 Ortopedia \/ Dr. Fritz Meiswinkel, Daniel M\u00fcller, Christian Haupt<br>\u2022 Fisioterapia \/ Paola Busch, Zoe O\u2019Neill, Julia Kruse<br>\u2022 Radiolog\u00eda y tomograf\u00eda computarizada \/ Daniel Wiens<br>\u2022 Traumatolog\u00eda \/ Dr. Fritz Meiswinkel<br>\u2022 Ultrasonido \/ John Lentink (RTA)<br>\u2022 Urolog\u00eda \/ Dr. Benjamin Zeier<br>\u2022 Odontolog\u00eda \/ Dra. Hanna Tielmann<br>\u2022 Laboratorio dental \/ Sonja M\u00fcller (maestra t\u00e9cnica dental)<br><br>Horario de atenci\u00f3n<br><br>De lunes a viernes: de 8:00 a 17:00 (servicio de urgencias). Servicio de urgencias: las 24 horas del d\u00eda.<br>Fechas<br>Dado que no queremos discriminar a los pacientes con pocos recursos, no se ofrecen citas m\u00e9dicas por tel\u00e9fono o Internet. Todos los pacientes deben registrarse personalmente en la recepci\u00f3n del hospital.<br><br><br><br>(Fuente: www.diospi-suyana.de Nov. 2023)\n<\/div><\/div>\n<\/section>","protected":false},"excerpt":{"rendered":"<p>Das Spital Diospi Suyana\u00dcber 30 % der Quechuas in Apur\u00edmac sind Analphabeten. Bei den Pisa-Studien landete Peru im internationalen Vergleich bisher stets auf den letzten Pl\u00e4tzen. Die Schulausbildung der Indianerkinder ist besonders mangelhaft. Dadurch wird ihnen die Chance auf eine bessere Zukunft verbaut.Schon in ihrer Jugendzeit hatten Dr. Klaus-Dieter John &#038; Dr. Martina John den [&hellip;]<\/p>\n","protected":false},"author":1,"featured_media":0,"parent":0,"menu_order":0,"comment_status":"closed","ping_status":"closed","template":"","meta":{"_acf_changed":false,"_breakdance_hide_in_design_set":false,"_breakdance_tags":"","iawp_total_views":426,"footnotes":""},"class_list":["post-119","page","type-page","status-publish","hentry"],"acf":[],"_links":{"self":[{"href":"https:\/\/www.maurersinperu.com\/es\/wp-json\/wp\/v2\/pages\/119","targetHints":{"allow":["GET"]}}],"collection":[{"href":"https:\/\/www.maurersinperu.com\/es\/wp-json\/wp\/v2\/pages"}],"about":[{"href":"https:\/\/www.maurersinperu.com\/es\/wp-json\/wp\/v2\/types\/page"}],"author":[{"embeddable":true,"href":"https:\/\/www.maurersinperu.com\/es\/wp-json\/wp\/v2\/users\/1"}],"replies":[{"embeddable":true,"href":"https:\/\/www.maurersinperu.com\/es\/wp-json\/wp\/v2\/comments?post=119"}],"version-history":[{"count":10,"href":"https:\/\/www.maurersinperu.com\/es\/wp-json\/wp\/v2\/pages\/119\/revisions"}],"predecessor-version":[{"id":296,"href":"https:\/\/www.maurersinperu.com\/es\/wp-json\/wp\/v2\/pages\/119\/revisions\/296"}],"wp:attachment":[{"href":"https:\/\/www.maurersinperu.com\/es\/wp-json\/wp\/v2\/media?parent=119"}],"curies":[{"name":"wp","href":"https:\/\/api.w.org\/{rel}","templated":true}]}}