{"id":115,"date":"2023-10-12T18:34:14","date_gmt":"2023-10-12T18:34:14","guid":{"rendered":"http:\/\/www.maurersinperu.com\/?page_id=115"},"modified":"2026-03-09T20:36:06","modified_gmt":"2026-03-09T19:36:06","slug":"acerca-de-nosotros","status":"publish","type":"page","link":"https:\/\/www.maurersinperu.com\/es\/uber-uns\/","title":{"rendered":"Acerca de nosotros"},"content":{"rendered":"<section class=\"bde-section-115-100 bde-section\">\n              \n  \n  \n\t\n\n  <div class=\"section-background-overlay\"><\/div>\n\n\n<div class=\"section-container\"><h2 class=\"bde-heading-115-101 bde-heading\">\nFamilia Maurer\n<\/h2><div class=\"bde-columns-115-115 bde-columns\"><div class=\"bde-column-115-116 bde-column\">\n  \n  \n\t\n\n\n\n\n<\/div><div class=\"bde-column-115-117 bde-column\">\n  \n  \n\t\n\n\n\n<h3 class=\"bde-heading-115-118 bde-heading\">\nRahel\n<\/h3><div class=\"bde-text-115-119 bde-text\">\nSoy esposa y mam\u00e1, asistente m\u00e9dica, tengo licencia para ejercer como mesera, soy barista, mi sue\u00f1o es volver a tener mi propia cafeter\u00eda, me gusta leer y coser, soy espont\u00e1nea, optimista y me encanta recibir invitados.\n<\/div>\n<\/div><\/div><div class=\"bde-columns-115-135 bde-columns\"><div class=\"bde-column-115-136 bde-column\">\n  \n  \n\t\n\n\n\n\n<\/div><div class=\"bde-column-115-137 bde-column\">\n  \n  \n\t\n\n\n\n<h3 class=\"bde-heading-115-138 bde-heading\">\nGabriel\n<\/h3><div class=\"bde-text-115-139 bde-text\">\n<font dir=\"auto\" style=\"vertical-align: inherit;\"><font dir=\"auto\" style=\"vertical-align: inherit;\"><font dir=\"auto\" style=\"vertical-align: inherit;\"><font dir=\"auto\" style=\"vertical-align: inherit;\">Trabajo como enfermero diplomado HF, soy esposo, hijo, padre, padrino, ciclista de monta\u00f1a, snowboarder, fot\u00f3grafo, amante del caf\u00e9, a veces gourmet, entusiasta y ahora tambi\u00e9n bloguero.<\/font><\/font><\/font><\/font>\n<\/div>\n<\/div><\/div><div class=\"bde-columns-115-130 bde-columns\"><div class=\"bde-column-115-131 bde-column\">\n  \n  \n\t\n\n\n\n\n<\/div><div class=\"bde-column-115-132 bde-column\">\n  \n  \n\t\n\n\n\n<h3 class=\"bde-heading-115-133 bde-heading\">\nIllay\n<\/h3><div class=\"bde-text-115-134 bde-text\">\nVoy a entrar en cuarto de primaria, mi color favorito es el negro, mi comida favorita son las papas fritas al horno con pollo con hueso, me gusta andar en bicicleta con mi pap\u00e1, me gusta jugar al hockey sobre piso, ando en patineta, patines en l\u00ednea, patines de ruedas, skateboard y desde hace poco tengo dos aretes negros.\n<\/div>\n<\/div><\/div><div class=\"bde-columns-115-125 bde-columns\"><div class=\"bde-column-115-126 bde-column\">\n  \n  \n\t\n\n\n\n\n<\/div><div class=\"bde-column-115-127 bde-column\">\n  \n  \n\t\n\n\n\n<h3 class=\"bde-heading-115-128 bde-heading\">\nMava\n<\/h3><div class=\"bde-text-115-129 bde-text\">\nTengo 7 a\u00f1os, voy a entrar en segundo grado, s\u00e9 qu\u00e9 ropa quiero ponerme, me encanta dibujar y hacer manualidades, me encantan los perros, mis animales favoritos son el ajolote, el ping\u00fcino y la foca, tengo los ojos marrones y azules y me encanta leer los libros de Globi.\n<\/div>\n<\/div><\/div><\/div>\n<\/section>","protected":false},"excerpt":{"rendered":"<p>Familie Maurer Rahel Ich bin Ehefrau &#038; Mami, MPA (Medizinische Praxis Assistentin), habe das Wirtepatent, bin Barista, mein Traum ist es wieder ein eigenes Kaffe zu betreiben, ich lese &#038; n\u00e4he gerne, bin spontan, optimistisch und liebe es Gastgeberin zu sein. Gabriel Ich arbeite als Dipl. Pflegefachmann HF, bin Ehemann, Sohn, Vater, G\u00f6tti, MountainBiker, Snowboarder, [&hellip;]<\/p>\n","protected":false},"author":1,"featured_media":0,"parent":0,"menu_order":0,"comment_status":"closed","ping_status":"closed","template":"","meta":{"_acf_changed":false,"_breakdance_hide_in_design_set":false,"_breakdance_tags":"","iawp_total_views":776,"footnotes":""},"class_list":["post-115","page","type-page","status-publish","hentry"],"acf":[],"_links":{"self":[{"href":"https:\/\/www.maurersinperu.com\/es\/wp-json\/wp\/v2\/pages\/115","targetHints":{"allow":["GET"]}}],"collection":[{"href":"https:\/\/www.maurersinperu.com\/es\/wp-json\/wp\/v2\/pages"}],"about":[{"href":"https:\/\/www.maurersinperu.com\/es\/wp-json\/wp\/v2\/types\/page"}],"author":[{"embeddable":true,"href":"https:\/\/www.maurersinperu.com\/es\/wp-json\/wp\/v2\/users\/1"}],"replies":[{"embeddable":true,"href":"https:\/\/www.maurersinperu.com\/es\/wp-json\/wp\/v2\/comments?post=115"}],"version-history":[{"count":14,"href":"https:\/\/www.maurersinperu.com\/es\/wp-json\/wp\/v2\/pages\/115\/revisions"}],"predecessor-version":[{"id":1130,"href":"https:\/\/www.maurersinperu.com\/es\/wp-json\/wp\/v2\/pages\/115\/revisions\/1130"}],"wp:attachment":[{"href":"https:\/\/www.maurersinperu.com\/es\/wp-json\/wp\/v2\/media?parent=115"}],"curies":[{"name":"wp","href":"https:\/\/api.w.org\/{rel}","templated":true}]}}